{"id":550,"date":"2020-02-17T15:00:44","date_gmt":"2020-02-17T15:00:44","guid":{"rendered":"https:\/\/scap.lu\/liens\/"},"modified":"2022-11-11T14:43:42","modified_gmt":"2022-11-11T14:43:42","slug":"liens","status":"publish","type":"page","link":"https:\/\/scap.lu\/fr\/liens\/","title":{"rendered":"Liens"},"content":{"rendered":"[vc_row type=\u00a0\u00bbin_container\u00a0\u00bb full_screen_row_position=\u00a0\u00bbmiddle\u00a0\u00bb column_margin=\u00a0\u00bbdefault\u00a0\u00bb scene_position=\u00a0\u00bbcenter\u00a0\u00bb text_color=\u00a0\u00bbdark\u00a0\u00bb text_align=\u00a0\u00bbleft\u00a0\u00bb bottom_padding=\u00a0\u00bb50&Prime; overlay_strength=\u00a0\u00bb0.3&Prime; shape_divider_position=\u00a0\u00bbbottom\u00a0\u00bb bg_image_animation=\u00a0\u00bbnone\u00a0\u00bb shape_type=\u00a0\u00bb\u00a0\u00bb][vc_column column_padding=\u00a0\u00bbno-extra-padding\u00a0\u00bb column_padding_position=\u00a0\u00bball\u00a0\u00bb background_color_opacity=\u00a0\u00bb1&Prime; background_hover_color_opacity=\u00a0\u00bb1&Prime; column_link_target=\u00a0\u00bb_self\u00a0\u00bb column_shadow=\u00a0\u00bbnone\u00a0\u00bb column_border_radius=\u00a0\u00bbnone\u00a0\u00bb width=\u00a0\u00bb1\/1&Prime; tablet_width_inherit=\u00a0\u00bbdefault\u00a0\u00bb tablet_text_alignment=\u00a0\u00bbdefault\u00a0\u00bb phone_text_alignment=\u00a0\u00bbdefault\u00a0\u00bb overlay_strength=\u00a0\u00bb0.3&Prime; column_border_width=\u00a0\u00bbnone\u00a0\u00bb column_border_style=\u00a0\u00bbsolid\u00a0\u00bb bg_image_animation=\u00a0\u00bbnone\u00a0\u00bb][vc_custom_heading text=\u00a0\u00bbLiens\u00a0\u00bb use_theme_fonts=\u00a0\u00bbyes\u00a0\u00bb css=\u00a0\u00bb.vc_custom_1581951697654{margin-bottom: 40px !important;}\u00a0\u00bb][vc_column_text]<b>\u00dcber SCAP<\/b><\/p>\n<p><a href=\"https:\/\/scap.lu\/wp-content\/uploads\/2020\/02\/20170116-Flyer.pdf\" target=\"_blank\" rel=\"noopener noreferrer\">Unser Flyer<\/a><br \/>\n<a href=\"https:\/\/scap.lu\/wp-content\/uploads\/2020\/02\/Konzept.pdf\" target=\"_blank\" rel=\"noopener noreferrer\">Unser Konzeptpapier<\/a><br \/>\n<a href=\"https:\/\/scap.lu\/wp-content\/uploads\/2020\/02\/Flyer_Triple_P.pdf\" target=\"_blank\" rel=\"noopener noreferrer\">Flyer &#8211; \u00ab\u00a0\u00dcber Triple P\u00a0\u00bb<\/a><br \/>\n<a href=\"https:\/\/scap.lu\/wp-content\/uploads\/2022\/09\/SCAP-Veranstaltungskalender\u2022FLY-290722.pdf\" target=\"_blank\" rel=\"noopener noreferrer\">Flyer &#8211; \u00ab\u00a0Veranstaltungskalender\u00a0\u00bb<\/a><\/p>\n<p><b>Weiterf\u00fchrende Links<\/b><\/p>\n<p><a href=\"http:\/\/lap.lu\/\" target=\"blank\" rel=\"noopener noreferrer\">LAP (L\u00ebtzebuerger Aktiounskrees Psychomotorik asbl)<\/a><br \/>\n<a href=\"http:\/\/www.men.public.lu\/home\/index.html\" target=\"blank\" rel=\"noopener noreferrer\">Minist\u00e8re de l&rsquo;Education nationale, de l&rsquo;Enfance et de la jeunesse &#8211; <\/a><a href=\"https:\/\/www.officenationalenfance.lu\/de\">Office National de l&rsquo;Enfance<\/a><br \/>\n<a href=\"http:\/\/www.treffadhs.lu\/\" target=\"blank\" rel=\"noopener noreferrer\">Treffpunkt A.D.H.S. a.s.b.l.<\/a><br \/>\n<a href=\"http:\/\/www.kannerschlass.lu\/eltereschoul\/\" target=\"blank\" rel=\"noopener noreferrer\">Eltereschoul \/ Ecole des parents \u00ab\u00a0Janusz Korczak\u00a0\u00bb<\/a><br \/>\n<a href=\"http:\/\/www.aled.lu\/\" target=\"blank\" rel=\"noopener noreferrer\">ALED (Association Luxembourgeoise des Ergoth\u00e9rapeutes Diplom\u00e9s a.s.b.l.)<\/a><br \/>\n<a href=\"https:\/\/alo.lu\/index.php\/en\/\" target=\"blank\" rel=\"noopener noreferrer\">ALO (Association Luxembourgeoise des Orthophonistes)<\/a><br \/>\n<a href=\"http:\/\/www.alpc.lu\/\" target=\"blank\" rel=\"noopener noreferrer\">ALPC (Association Luxembourgeoise des P\u00e9dagogues Curatifs)<\/a><br \/>\n<a href=\"http:\/\/www.alpd.lu\/\" target=\"blank\" rel=\"noopener noreferrer\">ALPD (Association Luxembourgeoise des Psychomotriciens Dipl\u00f4m\u00e9s)<\/a><br \/>\n<a href=\"https:\/\/www.slp.lu\/\">SLP (Soci\u00e9t\u00e9 Luxembourgeoise de Psychologie)<\/a><br \/>\n<a href=\"http:\/\/www.srp.lu\/\" target=\"blank\" rel=\"noopener noreferrer\">SRP (Service de R\u00e9\u00e9ducation Pr\u00e9coce)<\/a>[\/vc_column_text][\/vc_column][\/vc_row]\n","protected":false},"excerpt":{"rendered":"<p>[vc_row type=\u00a0\u00bbin_container\u00a0\u00bb full_screen_row_position=\u00a0\u00bbmiddle\u00a0\u00bb column_margin=\u00a0\u00bbdefault\u00a0\u00bb scene_position=\u00a0\u00bbcenter\u00a0\u00bb text_color=\u00a0\u00bbdark\u00a0\u00bb text_align=\u00a0\u00bbleft\u00a0\u00bb bottom_padding=\u00a0\u00bb50&Prime; overlay_strength=\u00a0\u00bb0.3&Prime; shape_divider_position=\u00a0\u00bbbottom\u00a0\u00bb bg_image_animation=\u00a0\u00bbnone\u00a0\u00bb shape_type=\u00a0\u00bb\u00a0\u00bb][vc_column column_padding=\u00a0\u00bbno-extra-padding\u00a0\u00bb column_padding_position=\u00a0\u00bball\u00a0\u00bb background_color_opacity=\u00a0\u00bb1&Prime; background_hover_color_opacity=\u00a0\u00bb1&Prime; column_link_target=\u00a0\u00bb_self\u00a0\u00bb column_shadow=\u00a0\u00bbnone\u00a0\u00bb column_border_radius=\u00a0\u00bbnone\u00a0\u00bb width=\u00a0\u00bb1\/1&Prime; tablet_width_inherit=\u00a0\u00bbdefault\u00a0\u00bb tablet_text_alignment=\u00a0\u00bbdefault\u00a0\u00bb phone_text_alignment=\u00a0\u00bbdefault\u00a0\u00bb overlay_strength=\u00a0\u00bb0.3&Prime; column_border_width=\u00a0\u00bbnone\u00a0\u00bb column_border_style=\u00a0\u00bbsolid\u00a0\u00bb bg_image_animation=\u00a0\u00bbnone\u00a0\u00bb][vc_custom_heading text=\u00a0\u00bbLiens\u00a0\u00bb use_theme_fonts=\u00a0\u00bbyes\u00a0\u00bb css=\u00a0\u00bb.vc_custom_1581951697654{margin-bottom:&#8230;<\/p>\n","protected":false},"author":1,"featured_media":0,"parent":0,"menu_order":0,"comment_status":"closed","ping_status":"closed","template":"","meta":{"_acf_changed":false,"footnotes":""},"class_list":["post-550","page","type-page","status-publish"],"acf":[],"_links":{"self":[{"href":"https:\/\/scap.lu\/fr\/wp-json\/wp\/v2\/pages\/550","targetHints":{"allow":["GET"]}}],"collection":[{"href":"https:\/\/scap.lu\/fr\/wp-json\/wp\/v2\/pages"}],"about":[{"href":"https:\/\/scap.lu\/fr\/wp-json\/wp\/v2\/types\/page"}],"author":[{"embeddable":true,"href":"https:\/\/scap.lu\/fr\/wp-json\/wp\/v2\/users\/1"}],"replies":[{"embeddable":true,"href":"https:\/\/scap.lu\/fr\/wp-json\/wp\/v2\/comments?post=550"}],"version-history":[{"count":13,"href":"https:\/\/scap.lu\/fr\/wp-json\/wp\/v2\/pages\/550\/revisions"}],"predecessor-version":[{"id":1717,"href":"https:\/\/scap.lu\/fr\/wp-json\/wp\/v2\/pages\/550\/revisions\/1717"}],"wp:attachment":[{"href":"https:\/\/scap.lu\/fr\/wp-json\/wp\/v2\/media?parent=550"}],"curies":[{"name":"wp","href":"https:\/\/api.w.org\/{rel}","templated":true}]}}